{"id":27,"date":"2018-03-14T18:53:57","date_gmt":"2018-03-14T18:53:57","guid":{"rendered":"http:\/\/studiobardy.ca\/?page_id=27"},"modified":"2026-02-16T20:54:34","modified_gmt":"2026-02-17T01:54:34","slug":"live-sessions","status":"publish","type":"page","link":"https:\/\/studiobardy.ca\/fr\/live-sessions\/","title":{"rendered":"Sessions Live"},"content":{"rendered":"<div data-elementor-type=\"wp-post\" data-elementor-id=\"27\" class=\"elementor elementor-27\">\n\t\t\t\t<div class=\"elementor-element elementor-element-201940d e-flex e-con-boxed e-con e-parent\" data-id=\"201940d\" data-element_type=\"container\" data-e-type=\"container\" data-settings=\"{&quot;background_background&quot;:&quot;classic&quot;}\">\n\t\t\t\t\t<div class=\"e-con-inner\">\n\t\t<div class=\"elementor-element elementor-element-9b12abd e-con-full animated-slow e-flex e-con e-child\" data-id=\"9b12abd\" data-element_type=\"container\" data-e-type=\"container\" data-settings=\"{&quot;animation&quot;:&quot;none&quot;}\">\n\t\t\t\t<div class=\"elementor-element elementor-element-0fe9fc7 animated-slow elementor-invisible elementor-widget elementor-widget-heading\" data-id=\"0fe9fc7\" data-element_type=\"widget\" data-e-type=\"widget\" data-settings=\"{&quot;_animation&quot;:&quot;fadeIn&quot;}\" data-widget_type=\"heading.default\">\n\t\t\t\t\t<h2 class=\"elementor-heading-title elementor-size-default\">Sessions Live<\/h2>\t\t\t\t<\/div>\n\t\t\t\t<div class=\"elementor-element elementor-element-405baef animated-slow elementor-invisible elementor-widget elementor-widget-text-editor\" data-id=\"405baef\" data-element_type=\"widget\" data-e-type=\"widget\" data-settings=\"{&quot;_animation&quot;:&quot;fadeInUp&quot;}\" data-widget_type=\"text-editor.default\">\n\t\t\t\t\t\t\t\t\t<p>Obtenez une session live haut de gamme pr\u00eate \u00e0 \u00eatre diffus\u00e9e. Nous fournissons des clips enti\u00e8rement mix\u00e9s et masteris\u00e9s, con\u00e7us pour les r\u00e9seaux sociaux ou les EPK professionnels. Venez jouer votre set, nous nous occupons de la partie technique. Pour vous aider \u00e0 vous d\u00e9velopper, nous partageons \u00e9galement les sessions pr\u00e9sent\u00e9es avec notre propre communaut\u00e9.<\/p>\t\t\t\t\t\t\t\t<\/div>\n\t\t\t\t<\/div>\n\t\t\t\t<div class=\"elementor-element elementor-element-402ca66 elementor-align-center elementor-widget elementor-widget-button\" data-id=\"402ca66\" data-element_type=\"widget\" data-e-type=\"widget\" data-widget_type=\"button.default\">\n\t\t\t\t\t\t\t\t\t\t<a class=\"elementor-button elementor-button-link elementor-size-sm\" href=\"#\">\n\t\t\t\t\t\t<span class=\"elementor-button-content-wrapper\">\n\t\t\t\t\t\t\t\t\t<span class=\"elementor-button-text\">Soumission<\/span>\n\t\t\t\t\t<\/span>\n\t\t\t\t\t<\/a>\n\t\t\t\t\t\t\t\t<\/div>\n\t\t\t\t<div class=\"elementor-element elementor-element-4ce04d3 elementor-widget elementor-widget-heading\" data-id=\"4ce04d3\" data-element_type=\"widget\" data-e-type=\"widget\" data-widget_type=\"heading.default\">\n\t\t\t\t\t<h2 class=\"elementor-heading-title elementor-size-default\">Sessions live que nous avons produites<\/h2>\t\t\t\t<\/div>\n\t\t\t\t<div class=\"elementor-element elementor-element-fda7ef3 elementor-widget-divider--view-line elementor-widget elementor-widget-divider\" data-id=\"fda7ef3\" data-element_type=\"widget\" data-e-type=\"widget\" data-widget_type=\"divider.default\">\n\t\t\t\t\t\t\t<div class=\"elementor-divider\">\n\t\t\t<span class=\"elementor-divider-separator\">\n\t\t\t\t\t\t<\/span>\n\t\t<\/div>\n\t\t\t\t\t\t<\/div>\n\t\t<div class=\"elementor-element elementor-element-c1fb89d e-con-full animated-slow e-flex elementor-invisible e-con e-child\" data-id=\"c1fb89d\" data-element_type=\"container\" data-e-type=\"container\" data-settings=\"{&quot;animation&quot;:&quot;slideInRight&quot;}\">\n\t\t\t\t<div class=\"elementor-element elementor-element-161bf9e elementor-widget elementor-widget-video\" data-id=\"161bf9e\" data-element_type=\"widget\" data-e-type=\"widget\" data-settings=\"{&quot;youtube_url&quot;:&quot;https:\\\/\\\/www.youtube.com\\\/watch?v=o52Pjyo46X0&amp;pp=ygUZb21icmUgbGVzIGFtb3VycyBqZXRhYmxlcw%3D%3D&quot;,&quot;video_type&quot;:&quot;youtube&quot;,&quot;controls&quot;:&quot;yes&quot;}\" data-widget_type=\"video.default\">\n\t\t\t\t\t\t\t<div class=\"elementor-wrapper elementor-open-inline\">\n\t\t\t<div class=\"elementor-video\"><\/div>\t\t<\/div>\n\t\t\t\t\t\t<\/div>\n\t\t\t\t<div class=\"elementor-element elementor-element-7b28481 elementor-widget elementor-widget-video\" data-id=\"7b28481\" data-element_type=\"widget\" data-e-type=\"widget\" data-settings=\"{&quot;youtube_url&quot;:&quot;https:\\\/\\\/www.youtube.com\\\/watch?v=qYgWkrxq2uA&quot;,&quot;video_type&quot;:&quot;youtube&quot;,&quot;controls&quot;:&quot;yes&quot;}\" data-widget_type=\"video.default\">\n\t\t\t\t\t\t\t<div class=\"elementor-wrapper elementor-open-inline\">\n\t\t\t<div class=\"elementor-video\"><\/div>\t\t<\/div>\n\t\t\t\t\t\t<\/div>\n\t\t\t\t<\/div>\n\t\t<div class=\"elementor-element elementor-element-a5e6b28 e-con-full animated-slow e-flex elementor-invisible e-con e-child\" data-id=\"a5e6b28\" data-element_type=\"container\" data-e-type=\"container\" data-settings=\"{&quot;animation&quot;:&quot;slideInLeft&quot;}\">\n\t\t\t\t<div class=\"elementor-element elementor-element-3584575 elementor-widget elementor-widget-video\" data-id=\"3584575\" data-element_type=\"widget\" data-e-type=\"widget\" data-settings=\"{&quot;youtube_url&quot;:&quot;https:\\\/\\\/www.youtube.com\\\/watch?v=HrnrAZly-1Q&quot;,&quot;video_type&quot;:&quot;youtube&quot;,&quot;controls&quot;:&quot;yes&quot;}\" data-widget_type=\"video.default\">\n\t\t\t\t\t\t\t<div class=\"elementor-wrapper elementor-open-inline\">\n\t\t\t<div class=\"elementor-video\"><\/div>\t\t<\/div>\n\t\t\t\t\t\t<\/div>\n\t\t\t\t<div class=\"elementor-element elementor-element-4970c97 elementor-widget elementor-widget-video\" data-id=\"4970c97\" data-element_type=\"widget\" data-e-type=\"widget\" data-settings=\"{&quot;youtube_url&quot;:&quot;https:\\\/\\\/www.youtube.com\\\/watch?v=S5BDFc9DYRo&amp;pp=ygUObWlkdG93biBhdmVudWU%3D&quot;,&quot;video_type&quot;:&quot;youtube&quot;,&quot;controls&quot;:&quot;yes&quot;}\" data-widget_type=\"video.default\">\n\t\t\t\t\t\t\t<div class=\"elementor-wrapper elementor-open-inline\">\n\t\t\t<div class=\"elementor-video\"><\/div>\t\t<\/div>\n\t\t\t\t\t\t<\/div>\n\t\t\t\t<\/div>\n\t\t<div class=\"elementor-element elementor-element-4010c79 e-con-full animated-slow e-flex elementor-invisible e-con e-child\" data-id=\"4010c79\" data-element_type=\"container\" data-e-type=\"container\" data-settings=\"{&quot;animation&quot;:&quot;slideInRight&quot;}\">\n\t\t\t\t<div class=\"elementor-element elementor-element-10a27ea elementor-widget elementor-widget-video\" data-id=\"10a27ea\" data-element_type=\"widget\" data-e-type=\"widget\" data-settings=\"{&quot;youtube_url&quot;:&quot;https:\\\/\\\/www.youtube.com\\\/watch?v=kQMHQ712GG4&amp;ab_channel=CarlMayotte&quot;,&quot;video_type&quot;:&quot;youtube&quot;,&quot;controls&quot;:&quot;yes&quot;}\" data-widget_type=\"video.default\">\n\t\t\t\t\t\t\t<div class=\"elementor-wrapper elementor-open-inline\">\n\t\t\t<div class=\"elementor-video\"><\/div>\t\t<\/div>\n\t\t\t\t\t\t<\/div>\n\t\t\t\t<div class=\"elementor-element elementor-element-f502297 elementor-widget elementor-widget-video\" data-id=\"f502297\" data-element_type=\"widget\" data-e-type=\"widget\" data-settings=\"{&quot;youtube_url&quot;:&quot;https:\\\/\\\/www.youtube.com\\\/watch?v=UkoATreQFP4&quot;,&quot;video_type&quot;:&quot;youtube&quot;,&quot;controls&quot;:&quot;yes&quot;}\" data-widget_type=\"video.default\">\n\t\t\t\t\t\t\t<div class=\"elementor-wrapper elementor-open-inline\">\n\t\t\t<div class=\"elementor-video\"><\/div>\t\t<\/div>\n\t\t\t\t\t\t<\/div>\n\t\t\t\t<\/div>\n\t\t<div class=\"elementor-element elementor-element-e73db07 e-con-full animated-slow e-flex elementor-invisible e-con e-child\" data-id=\"e73db07\" data-element_type=\"container\" data-e-type=\"container\" data-settings=\"{&quot;animation&quot;:&quot;slideInLeft&quot;}\">\n\t\t\t\t<div class=\"elementor-element elementor-element-b64e1f7 elementor-widget elementor-widget-video\" data-id=\"b64e1f7\" data-element_type=\"widget\" data-e-type=\"widget\" data-settings=\"{&quot;youtube_url&quot;:&quot;https:\\\/\\\/www.youtube.com\\\/watch?v=4LZem9M9gIk&quot;,&quot;video_type&quot;:&quot;youtube&quot;,&quot;controls&quot;:&quot;yes&quot;}\" data-widget_type=\"video.default\">\n\t\t\t\t\t\t\t<div class=\"elementor-wrapper elementor-open-inline\">\n\t\t\t<div class=\"elementor-video\"><\/div>\t\t<\/div>\n\t\t\t\t\t\t<\/div>\n\t\t\t\t<div class=\"elementor-element elementor-element-336ac29 elementor-widget elementor-widget-video\" data-id=\"336ac29\" data-element_type=\"widget\" data-e-type=\"widget\" data-settings=\"{&quot;youtube_url&quot;:&quot;https:\\\/\\\/www.youtube.com\\\/watch?v=otGvy7Tkn20&quot;,&quot;video_type&quot;:&quot;youtube&quot;,&quot;controls&quot;:&quot;yes&quot;}\" data-widget_type=\"video.default\">\n\t\t\t\t\t\t\t<div class=\"elementor-wrapper elementor-open-inline\">\n\t\t\t<div class=\"elementor-video\"><\/div>\t\t<\/div>\n\t\t\t\t\t\t<\/div>\n\t\t\t\t<\/div>\n\t\t<div class=\"elementor-element elementor-element-246ad49 e-con-full animated-slow e-flex elementor-invisible e-con e-child\" data-id=\"246ad49\" data-element_type=\"container\" data-e-type=\"container\" data-settings=\"{&quot;animation&quot;:&quot;slideInRight&quot;}\">\n\t\t\t\t<div class=\"elementor-element elementor-element-d9e8a90 elementor-widget elementor-widget-video\" data-id=\"d9e8a90\" data-element_type=\"widget\" data-e-type=\"widget\" data-settings=\"{&quot;youtube_url&quot;:&quot;https:\\\/\\\/www.youtube.com\\\/watch?v=8zepMNJF74k&quot;,&quot;video_type&quot;:&quot;youtube&quot;,&quot;controls&quot;:&quot;yes&quot;}\" data-widget_type=\"video.default\">\n\t\t\t\t\t\t\t<div class=\"elementor-wrapper elementor-open-inline\">\n\t\t\t<div class=\"elementor-video\"><\/div>\t\t<\/div>\n\t\t\t\t\t\t<\/div>\n\t\t\t\t<div class=\"elementor-element elementor-element-f38c0cc elementor-widget elementor-widget-video\" data-id=\"f38c0cc\" data-element_type=\"widget\" data-e-type=\"widget\" data-settings=\"{&quot;youtube_url&quot;:&quot;https:\\\/\\\/www.youtube.com\\\/watch?v=ngqMA2q3VUM&quot;,&quot;video_type&quot;:&quot;youtube&quot;,&quot;controls&quot;:&quot;yes&quot;}\" data-widget_type=\"video.default\">\n\t\t\t\t\t\t\t<div class=\"elementor-wrapper elementor-open-inline\">\n\t\t\t<div class=\"elementor-video\"><\/div>\t\t<\/div>\n\t\t\t\t\t\t<\/div>\n\t\t\t\t<\/div>\n\t\t<div class=\"elementor-element elementor-element-58d0bb9 e-con-full animated-slow e-flex elementor-invisible e-con e-child\" data-id=\"58d0bb9\" data-element_type=\"container\" data-e-type=\"container\" data-settings=\"{&quot;animation&quot;:&quot;slideInLeft&quot;}\">\n\t\t\t\t<div class=\"elementor-element elementor-element-e1ab629 elementor-widget elementor-widget-video\" data-id=\"e1ab629\" data-element_type=\"widget\" data-e-type=\"widget\" data-settings=\"{&quot;youtube_url&quot;:&quot;https:\\\/\\\/www.youtube.com\\\/watch?v=2MNn8D3G4-4&quot;,&quot;video_type&quot;:&quot;youtube&quot;,&quot;controls&quot;:&quot;yes&quot;}\" data-widget_type=\"video.default\">\n\t\t\t\t\t\t\t<div class=\"elementor-wrapper elementor-open-inline\">\n\t\t\t<div class=\"elementor-video\"><\/div>\t\t<\/div>\n\t\t\t\t\t\t<\/div>\n\t\t\t\t<div class=\"elementor-element elementor-element-463f0b6 elementor-widget elementor-widget-video\" data-id=\"463f0b6\" data-element_type=\"widget\" data-e-type=\"widget\" data-settings=\"{&quot;youtube_url&quot;:&quot;https:\\\/\\\/www.youtube.com\\\/watch?v=O3wjm5-reec&quot;,&quot;video_type&quot;:&quot;youtube&quot;,&quot;controls&quot;:&quot;yes&quot;}\" data-widget_type=\"video.default\">\n\t\t\t\t\t\t\t<div class=\"elementor-wrapper elementor-open-inline\">\n\t\t\t<div class=\"elementor-video\"><\/div>\t\t<\/div>\n\t\t\t\t\t\t<\/div>\n\t\t\t\t<\/div>\n\t\t\t\t\t<\/div>\n\t\t\t\t<\/div>\n\t\t<div class=\"elementor-element elementor-element-667d654 e-flex e-con-boxed e-con e-parent\" data-id=\"667d654\" data-element_type=\"container\" data-e-type=\"container\">\n\t\t\t\t\t<div class=\"e-con-inner\">\n\t\t\t\t<div class=\"elementor-element elementor-element-d21a413 animated-slow elementor-view-default elementor-position-block-start elementor-mobile-position-block-start elementor-invisible elementor-widget elementor-widget-icon-box\" data-id=\"d21a413\" data-element_type=\"widget\" data-e-type=\"widget\" data-settings=\"{&quot;_animation&quot;:&quot;fadeIn&quot;}\" data-widget_type=\"icon-box.default\">\n\t\t\t\t\t\t\t<div class=\"elementor-icon-box-wrapper\">\n\n\t\t\t\t\t\t<div class=\"elementor-icon-box-icon\">\n\t\t\t\t<a href=\"https:\/\/www.youtube.com\/@studiobardy1709\" class=\"elementor-icon elementor-animation-float\" tabindex=\"-1\" aria-label=\"YouTube Channel\">\n\t\t\t\t<svg aria-hidden=\"true\" class=\"e-font-icon-svg e-fab-youtube\" viewbox=\"0 0 576 512\" xmlns=\"http:\/\/www.w3.org\/2000\/svg\"><path d=\"M549.655 124.083c-6.281-23.65-24.787-42.276-48.284-48.597C458.781 64 288 64 288 64S117.22 64 74.629 75.486c-23.497 6.322-42.003 24.947-48.284 48.597-11.412 42.867-11.412 132.305-11.412 132.305s0 89.438 11.412 132.305c6.281 23.65 24.787 41.5 48.284 47.821C117.22 448 288 448 288 448s170.78 0 213.371-11.486c23.497-6.321 42.003-24.171 48.284-47.821 11.412-42.867 11.412-132.305 11.412-132.305s0-89.438-11.412-132.305zm-317.51 213.508V175.185l142.739 81.205-142.739 81.201z\"><\/path><\/svg>\t\t\t\t<\/a>\n\t\t\t<\/div>\n\t\t\t\n\t\t\t\t\t\t<div class=\"elementor-icon-box-content\">\n\n\t\t\t\t\t\t\t\t\t<h3 class=\"elementor-icon-box-title\">\n\t\t\t\t\t\t<a href=\"https:\/\/www.youtube.com\/@studiobardy1709\" >\n\t\t\t\t\t\t\tYouTube Channel\t\t\t\t\t\t<\/a>\n\t\t\t\t\t<\/h3>\n\t\t\t\t\n\t\t\t\t\n\t\t\t<\/div>\n\t\t\t\n\t\t<\/div>\n\t\t\t\t\t\t<\/div>\n\t\t\t\t\t<\/div>\n\t\t\t\t<\/div>\n\t\t\t\t<\/div>","protected":false},"excerpt":{"rendered":"<p>Live Sessions Get a high-end live session that\u2019s ready for release. We deliver fully mixed and mastered clips designed for social content or professional EPKs. Show up, play your set, and let us handle the technical side. To help you grow, we also share featured sessions with our own community. Get a Quote Live Sessions [&hellip;]<\/p>\n","protected":false},"author":1,"featured_media":2669,"parent":0,"menu_order":0,"comment_status":"closed","ping_status":"closed","template":"","meta":{"_acf_changed":false,"footnotes":""},"class_list":["post-27","page","type-page","status-publish","has-post-thumbnail","hentry"],"acf":[],"yoast_head":"<!-- This site is optimized with the Yoast SEO plugin v27.3 - https:\/\/yoast.com\/product\/yoast-seo-wordpress\/ -->\n<title>Live Sessions - Studio Bardy<\/title>\n<meta name=\"description\" content=\"Our live sessions are designed to help promote your talent on social media or to showcase your band to venues.\" \/>\n<meta name=\"robots\" content=\"index, follow, max-snippet:-1, max-image-preview:large, max-video-preview:-1\" \/>\n<link rel=\"canonical\" href=\"https:\/\/studiobardy.ca\/fr\/live-sessions\/\" \/>\n<meta property=\"og:locale\" content=\"fr_CA\" \/>\n<meta property=\"og:type\" content=\"article\" \/>\n<meta property=\"og:title\" content=\"Live Sessions - Studio Bardy\" \/>\n<meta property=\"og:description\" content=\"Our live sessions are designed to help promote your talent on social media or to showcase your band to venues.\" \/>\n<meta property=\"og:url\" content=\"https:\/\/studiobardy.ca\/fr\/live-sessions\/\" \/>\n<meta property=\"og:site_name\" content=\"Studio Bardy\" \/>\n<meta property=\"article:modified_time\" content=\"2026-02-17T01:54:34+00:00\" \/>\n<meta property=\"og:image\" content=\"https:\/\/studiobardy.ca\/wp-content\/uploads\/2021\/04\/DSC05316.jpg\" \/>\n\t<meta property=\"og:image:width\" content=\"1919\" \/>\n\t<meta property=\"og:image:height\" content=\"1080\" \/>\n\t<meta property=\"og:image:type\" content=\"image\/jpeg\" \/>\n<meta name=\"twitter:card\" content=\"summary_large_image\" \/>\n<meta name=\"twitter:label1\" content=\"Estimation du temps de lecture\" \/>\n\t<meta name=\"twitter:data1\" content=\"1 minute\" \/>\n<script type=\"application\/ld+json\" class=\"yoast-schema-graph\">{\"@context\":\"https:\\\/\\\/schema.org\",\"@graph\":[{\"@type\":\"WebPage\",\"@id\":\"https:\\\/\\\/studiobardy.ca\\\/live-sessions\\\/\",\"url\":\"https:\\\/\\\/studiobardy.ca\\\/live-sessions\\\/\",\"name\":\"Live Sessions - Studio Bardy\",\"isPartOf\":{\"@id\":\"https:\\\/\\\/studiobardy.ca\\\/#website\"},\"primaryImageOfPage\":{\"@id\":\"https:\\\/\\\/studiobardy.ca\\\/live-sessions\\\/#primaryimage\"},\"image\":{\"@id\":\"https:\\\/\\\/studiobardy.ca\\\/live-sessions\\\/#primaryimage\"},\"thumbnailUrl\":\"https:\\\/\\\/studiobardy.ca\\\/wp-content\\\/uploads\\\/2021\\\/04\\\/DSC05316.jpg\",\"datePublished\":\"2018-03-14T18:53:57+00:00\",\"dateModified\":\"2026-02-17T01:54:34+00:00\",\"description\":\"Our live sessions are designed to help promote your talent on social media or to showcase your band to venues.\",\"breadcrumb\":{\"@id\":\"https:\\\/\\\/studiobardy.ca\\\/live-sessions\\\/#breadcrumb\"},\"inLanguage\":\"fr-CA\",\"potentialAction\":[{\"@type\":\"ReadAction\",\"target\":[\"https:\\\/\\\/studiobardy.ca\\\/live-sessions\\\/\"]}]},{\"@type\":\"ImageObject\",\"inLanguage\":\"fr-CA\",\"@id\":\"https:\\\/\\\/studiobardy.ca\\\/live-sessions\\\/#primaryimage\",\"url\":\"https:\\\/\\\/studiobardy.ca\\\/wp-content\\\/uploads\\\/2021\\\/04\\\/DSC05316.jpg\",\"contentUrl\":\"https:\\\/\\\/studiobardy.ca\\\/wp-content\\\/uploads\\\/2021\\\/04\\\/DSC05316.jpg\",\"width\":1919,\"height\":1080},{\"@type\":\"BreadcrumbList\",\"@id\":\"https:\\\/\\\/studiobardy.ca\\\/live-sessions\\\/#breadcrumb\",\"itemListElement\":[{\"@type\":\"ListItem\",\"position\":1,\"name\":\"Home\",\"item\":\"https:\\\/\\\/studiobardy.ca\\\/\"},{\"@type\":\"ListItem\",\"position\":2,\"name\":\"Live Sessions\"}]},{\"@type\":\"WebSite\",\"@id\":\"https:\\\/\\\/studiobardy.ca\\\/#website\",\"url\":\"https:\\\/\\\/studiobardy.ca\\\/\",\"name\":\"Studio Bardy\",\"description\":\"Studio Bardy Website\",\"potentialAction\":[{\"@type\":\"SearchAction\",\"target\":{\"@type\":\"EntryPoint\",\"urlTemplate\":\"https:\\\/\\\/studiobardy.ca\\\/?s={search_term_string}\"},\"query-input\":{\"@type\":\"PropertyValueSpecification\",\"valueRequired\":true,\"valueName\":\"search_term_string\"}}],\"inLanguage\":\"fr-CA\"}]}<\/script>\n<!-- \/ Yoast SEO plugin. -->","yoast_head_json":{"title":"Live Sessions - Studio Bardy","description":"Our live sessions are designed to help promote your talent on social media or to showcase your band to venues.","robots":{"index":"index","follow":"follow","max-snippet":"max-snippet:-1","max-image-preview":"max-image-preview:large","max-video-preview":"max-video-preview:-1"},"canonical":"https:\/\/studiobardy.ca\/fr\/live-sessions\/","og_locale":"fr_CA","og_type":"article","og_title":"Live Sessions - Studio Bardy","og_description":"Our live sessions are designed to help promote your talent on social media or to showcase your band to venues.","og_url":"https:\/\/studiobardy.ca\/fr\/live-sessions\/","og_site_name":"Studio Bardy","article_modified_time":"2026-02-17T01:54:34+00:00","og_image":[{"width":1919,"height":1080,"url":"https:\/\/studiobardy.ca\/wp-content\/uploads\/2021\/04\/DSC05316.jpg","type":"image\/jpeg"}],"twitter_card":"summary_large_image","twitter_misc":{"Estimation du temps de lecture":"1 minute"},"schema":{"@context":"https:\/\/schema.org","@graph":[{"@type":"WebPage","@id":"https:\/\/studiobardy.ca\/live-sessions\/","url":"https:\/\/studiobardy.ca\/live-sessions\/","name":"Live Sessions - Studio Bardy","isPartOf":{"@id":"https:\/\/studiobardy.ca\/#website"},"primaryImageOfPage":{"@id":"https:\/\/studiobardy.ca\/live-sessions\/#primaryimage"},"image":{"@id":"https:\/\/studiobardy.ca\/live-sessions\/#primaryimage"},"thumbnailUrl":"https:\/\/studiobardy.ca\/wp-content\/uploads\/2021\/04\/DSC05316.jpg","datePublished":"2018-03-14T18:53:57+00:00","dateModified":"2026-02-17T01:54:34+00:00","description":"Our live sessions are designed to help promote your talent on social media or to showcase your band to venues.","breadcrumb":{"@id":"https:\/\/studiobardy.ca\/live-sessions\/#breadcrumb"},"inLanguage":"fr-CA","potentialAction":[{"@type":"ReadAction","target":["https:\/\/studiobardy.ca\/live-sessions\/"]}]},{"@type":"ImageObject","inLanguage":"fr-CA","@id":"https:\/\/studiobardy.ca\/live-sessions\/#primaryimage","url":"https:\/\/studiobardy.ca\/wp-content\/uploads\/2021\/04\/DSC05316.jpg","contentUrl":"https:\/\/studiobardy.ca\/wp-content\/uploads\/2021\/04\/DSC05316.jpg","width":1919,"height":1080},{"@type":"BreadcrumbList","@id":"https:\/\/studiobardy.ca\/live-sessions\/#breadcrumb","itemListElement":[{"@type":"ListItem","position":1,"name":"Home","item":"https:\/\/studiobardy.ca\/"},{"@type":"ListItem","position":2,"name":"Live Sessions"}]},{"@type":"WebSite","@id":"https:\/\/studiobardy.ca\/#website","url":"https:\/\/studiobardy.ca\/","name":"Studio Bardy","description":"Studio Bardy Website","potentialAction":[{"@type":"SearchAction","target":{"@type":"EntryPoint","urlTemplate":"https:\/\/studiobardy.ca\/?s={search_term_string}"},"query-input":{"@type":"PropertyValueSpecification","valueRequired":true,"valueName":"search_term_string"}}],"inLanguage":"fr-CA"}]}},"_links":{"self":[{"href":"https:\/\/studiobardy.ca\/fr\/wp-json\/wp\/v2\/pages\/27","targetHints":{"allow":["GET"]}}],"collection":[{"href":"https:\/\/studiobardy.ca\/fr\/wp-json\/wp\/v2\/pages"}],"about":[{"href":"https:\/\/studiobardy.ca\/fr\/wp-json\/wp\/v2\/types\/page"}],"author":[{"embeddable":true,"href":"https:\/\/studiobardy.ca\/fr\/wp-json\/wp\/v2\/users\/1"}],"replies":[{"embeddable":true,"href":"https:\/\/studiobardy.ca\/fr\/wp-json\/wp\/v2\/comments?post=27"}],"version-history":[{"count":54,"href":"https:\/\/studiobardy.ca\/fr\/wp-json\/wp\/v2\/pages\/27\/revisions"}],"predecessor-version":[{"id":2922,"href":"https:\/\/studiobardy.ca\/fr\/wp-json\/wp\/v2\/pages\/27\/revisions\/2922"}],"wp:featuredmedia":[{"embeddable":true,"href":"https:\/\/studiobardy.ca\/fr\/wp-json\/wp\/v2\/media\/2669"}],"wp:attachment":[{"href":"https:\/\/studiobardy.ca\/fr\/wp-json\/wp\/v2\/media?parent=27"}],"curies":[{"name":"wp","href":"https:\/\/api.w.org\/{rel}","templated":true}]}}